{"id":329,"date":"2025-10-03T16:14:20","date_gmt":"2025-10-03T19:14:20","guid":{"rendered":"https:\/\/piscinariasumare.com.br\/vitrine\/?post_type=product&#038;p=329"},"modified":"2025-10-03T16:14:52","modified_gmt":"2025-10-03T19:14:52","slug":"clorador-automatico-netuno","status":"publish","type":"product","link":"https:\/\/piscinariasumare.com.br\/vitrine\/produto\/clorador-automatico-netuno\/","title":{"rendered":"Clorador autom\u00e1tico Netuno"},"content":{"rendered":"<h1>Clorador autom\u00e1tico Netuno<\/h1>\n<h3>DOSADOR DE CLORO EM TABLETES<\/h3>\n<p>O dosador de cloro funciona em conjunto com o sistema de filtra\u00e7\u00e3o da piscina, conectado em linha ao circuito de retorno. Devido \u00e0 sua grande capacidade de carga e f\u00e1cil manuseio da v\u00e1lvula de controle de cloro, ele permite um servi\u00e7o de dosagem por v\u00e1rias semanas sem recarga, obtendo uma dispers\u00e3o uniforme para todo o volume de \u00e1gua e um eficiente tratamento de desinfec\u00e7\u00e3o da piscina. Funciona com tabletes de cloro de baixa dissolu\u00e7\u00e3o (\u00e1cido tricloroisocian\u00farico) de 10 a 200 gramas.<\/p>\n<h3>ESPECIFICA\u00c7\u00d5ES T\u00c9CNICAS [A]<\/h3>\n<p>\u2022 Capacidade m\u00e1xima de carga: 2,6 kg.<br \/>\n\u2022 Carregamento (tabletes de cloro de baixa dissolu\u00e7\u00e3o): 10 a 200 grs.<br \/>\n\u2022 Dosagem: 5 a 38 grs.\/hr.<br \/>\n\u2022 Press\u00e3o m\u00e1xima de trabalho: 1,6 kg\/cm\u00b2.<br \/>\n\u2022 Vaz\u00e3o m\u00e1ximo: 18 m\u00b3\/hr.<\/p>\n<h3>INSTRU\u00c7\u00d5ES DE CARGA<\/h3>\n<p>1. Desligue a bomba e feche as v\u00e1lvulas de entrada e sa\u00edda do dispensador.<br \/>\n2. Solte o tamp\u00e3o de drenagem para esvazi\u00e1-lo.<br \/>\n3. Abra cuidadosamente a tampa de rosca no sentido anti-hor\u00e1rio<br \/>\n(evite respirar gases clorados concentrados).<br \/>\n4. Introduza os tabletes de cloro de baixa dissolu\u00e7\u00e3o, feche o dreno e encha<br \/>\ncom \u00e1gua at\u00e9 2 cm da borda.<br \/>\n5. Feche a tampa firmemente, ajuste com a m\u00e3o.<br \/>\n6. Abra os registros de entrada e sa\u00edda, tanto quanto poss\u00edvel.<br \/>\n7. Ligue a motobomba.<\/p>\n","protected":false},"excerpt":{"rendered":"<h4>A Piscinaria Sumar\u00e9 \u00e9 especialista em produtos e acess\u00f3rios para piscinas.<\/h4>\n<p>\u2013 Fabrica\u00e7\u00e3o pr\u00f3pria de produtos<br \/>\n\u2013 Distribuidora das principais marcas do mercado<br \/>\n\u2013 Especialistas ajudam a escolha do produto ou equipamento ideal<\/p>\n","protected":false},"featured_media":331,"comment_status":"open","ping_status":"closed","template":"","meta":[],"product_brand":[],"product_cat":[16],"product_tag":[138],"class_list":{"0":"post-329","1":"product","2":"type-product","3":"status-publish","4":"has-post-thumbnail","6":"product_cat-acessorios-limpeza","7":"product_tag-clorador-automatico-netuno","9":"first","10":"instock","11":"shipping-taxable","12":"product-type-simple"},"_links":{"self":[{"href":"https:\/\/piscinariasumare.com.br\/vitrine\/wp-json\/wp\/v2\/product\/329","targetHints":{"allow":["GET"]}}],"collection":[{"href":"https:\/\/piscinariasumare.com.br\/vitrine\/wp-json\/wp\/v2\/product"}],"about":[{"href":"https:\/\/piscinariasumare.com.br\/vitrine\/wp-json\/wp\/v2\/types\/product"}],"replies":[{"embeddable":true,"href":"https:\/\/piscinariasumare.com.br\/vitrine\/wp-json\/wp\/v2\/comments?post=329"}],"wp:featuredmedia":[{"embeddable":true,"href":"https:\/\/piscinariasumare.com.br\/vitrine\/wp-json\/wp\/v2\/media\/331"}],"wp:attachment":[{"href":"https:\/\/piscinariasumare.com.br\/vitrine\/wp-json\/wp\/v2\/media?parent=329"}],"wp:term":[{"taxonomy":"product_brand","embeddable":true,"href":"https:\/\/piscinariasumare.com.br\/vitrine\/wp-json\/wp\/v2\/product_brand?post=329"},{"taxonomy":"product_cat","embeddable":true,"href":"https:\/\/piscinariasumare.com.br\/vitrine\/wp-json\/wp\/v2\/product_cat?post=329"},{"taxonomy":"product_tag","embeddable":true,"href":"https:\/\/piscinariasumare.com.br\/vitrine\/wp-json\/wp\/v2\/product_tag?post=329"}],"curies":[{"name":"wp","href":"https:\/\/api.w.org\/{rel}","templated":true}]}}