{"id":332,"date":"2025-10-03T18:53:06","date_gmt":"2025-10-03T21:53:06","guid":{"rendered":"https:\/\/piscinariasumare.com.br\/vitrine\/?post_type=product&#038;p=332"},"modified":"2025-10-03T18:53:06","modified_gmt":"2025-10-03T21:53:06","slug":"caixa-de-passagem-tampa-de-inox-netuno","status":"publish","type":"product","link":"https:\/\/piscinariasumare.com.br\/vitrine\/produto\/caixa-de-passagem-tampa-de-inox-netuno\/","title":{"rendered":"Caixa de passagem tampa de inox Netuno"},"content":{"rendered":"<h1>Caixa de passagem tampa de inox Netuno<\/h1>\n<p>A caixa de passagem \u00e9 utilizada para facilitar a instala\u00e7\u00e3o e manuten\u00e7\u00e3o da ilumina\u00e7\u00e3o da piscina.<\/p>\n<p><strong>Este kit \u00e9 composto pelos seguintes itens:<\/strong><\/p>\n<p>&#8211; 4 Unidade Caixa de Passagem com Tampa em Pl\u00e1stico<\/p>\n<p><strong>Especifica\u00e7\u00f5es Caixa de Passagem para Piscina com Tampa em Pl\u00e1stico Netuno:<\/strong><\/p>\n<p>&#8211; Marca: Netuno<br \/>\n&#8211; Cor: Preto<br \/>\n&#8211; Altura: Total 9 cm \/ caixa 8 cm<br \/>\n&#8211; Comprimento: Total 11 cm \/ caixa 9 cm<br \/>\n&#8211; Largura: Total 11 cm \/ caixa 9 cm<br \/>\n&#8211; Composi\u00e7\u00e3o: Pl\u00e1stico<br \/>\n&#8211; Indica\u00e7\u00e3o e Uso: A caixa de passagem \u00e9 utilizada para facilitar a instala\u00e7\u00e3o e manuten\u00e7\u00e3o da ilumina\u00e7\u00e3o da piscina<br \/>\n&#8211; Compat\u00edvel com todos os tipos de refletores dispon\u00edveis no mercado<br \/>\n&#8211; Resistente e de longa durabilidade; Tampa em pl\u00e1stico fixada com 4 parafusos<\/p>\n","protected":false},"excerpt":{"rendered":"<h4>A Piscinaria Sumar\u00e9 \u00e9 especialista em produtos e acess\u00f3rios para piscinas.<\/h4>\n<p>\u2013 Fabrica\u00e7\u00e3o pr\u00f3pria de produtos<br \/>\n\u2013 Distribuidora das principais marcas do mercado<br \/>\n\u2013 Especialistas ajudam a escolha do produto ou equipamento ideal<\/p>\n","protected":false},"featured_media":333,"comment_status":"open","ping_status":"closed","template":"","meta":[],"product_brand":[],"product_cat":[16],"product_tag":[139],"class_list":{"0":"post-332","1":"product","2":"type-product","3":"status-publish","4":"has-post-thumbnail","6":"product_cat-acessorios-limpeza","7":"product_tag-caixa-de-passagem-tampa-de-inox-netuno","9":"first","10":"instock","11":"shipping-taxable","12":"product-type-simple"},"_links":{"self":[{"href":"https:\/\/piscinariasumare.com.br\/vitrine\/wp-json\/wp\/v2\/product\/332","targetHints":{"allow":["GET"]}}],"collection":[{"href":"https:\/\/piscinariasumare.com.br\/vitrine\/wp-json\/wp\/v2\/product"}],"about":[{"href":"https:\/\/piscinariasumare.com.br\/vitrine\/wp-json\/wp\/v2\/types\/product"}],"replies":[{"embeddable":true,"href":"https:\/\/piscinariasumare.com.br\/vitrine\/wp-json\/wp\/v2\/comments?post=332"}],"wp:featuredmedia":[{"embeddable":true,"href":"https:\/\/piscinariasumare.com.br\/vitrine\/wp-json\/wp\/v2\/media\/333"}],"wp:attachment":[{"href":"https:\/\/piscinariasumare.com.br\/vitrine\/wp-json\/wp\/v2\/media?parent=332"}],"wp:term":[{"taxonomy":"product_brand","embeddable":true,"href":"https:\/\/piscinariasumare.com.br\/vitrine\/wp-json\/wp\/v2\/product_brand?post=332"},{"taxonomy":"product_cat","embeddable":true,"href":"https:\/\/piscinariasumare.com.br\/vitrine\/wp-json\/wp\/v2\/product_cat?post=332"},{"taxonomy":"product_tag","embeddable":true,"href":"https:\/\/piscinariasumare.com.br\/vitrine\/wp-json\/wp\/v2\/product_tag?post=332"}],"curies":[{"name":"wp","href":"https:\/\/api.w.org\/{rel}","templated":true}]}}