{"id":338,"date":"2025-10-03T19:05:55","date_gmt":"2025-10-03T22:05:55","guid":{"rendered":"https:\/\/piscinariasumare.com.br\/vitrine\/?post_type=product&#038;p=338"},"modified":"2025-10-03T19:05:55","modified_gmt":"2025-10-03T22:05:55","slug":"prolongador-skimmer-veico","status":"publish","type":"product","link":"https:\/\/piscinariasumare.com.br\/vitrine\/produto\/prolongador-skimmer-veico\/","title":{"rendered":"Prolongador skimmer Veico"},"content":{"rendered":"<h1>Prolongador skimmer Veico<\/h1>\n<p>Fabricado em ABS branco com tratamento UV e flutuador em PP.<\/p>\n<p>Colar prolongador para ajuste de \u00e2ngulo de desn\u00edvel na cal\u00e7ada.<\/p>\n<p>Possui rosca interna para adaptador de mangueira para aspira\u00e7\u00e3o.<\/p>\n<p>Liga\u00e7\u00e3o inferior com di\u00e2metro de 50 mm e dreno de seguran\u00e7a superior de 40 mm.<\/p>\n<p>Cesto coletor de folhas. Vaz\u00e3o recomendada 5 m\u00b3\/h.<\/p>\n<p>Recomenda-se instalar um Skimmer para cada 25 m\u00b2 de superf\u00edcie de l\u00e2mina de \u00e1gua.<\/p>\n","protected":false},"excerpt":{"rendered":"<h4>A Piscinaria Sumar\u00e9 \u00e9 especialista em produtos e acess\u00f3rios para piscinas.<\/h4>\n<p>\u2013 Fabrica\u00e7\u00e3o pr\u00f3pria de produtos<br \/>\n\u2013 Distribuidora das principais marcas do mercado<br \/>\n\u2013 Especialistas ajudam a escolha do produto ou equipamento ideal<\/p>\n","protected":false},"featured_media":339,"comment_status":"open","ping_status":"closed","template":"","meta":[],"product_brand":[],"product_cat":[16],"product_tag":[142],"class_list":{"0":"post-338","1":"product","2":"type-product","3":"status-publish","4":"has-post-thumbnail","6":"product_cat-acessorios-limpeza","7":"product_tag-prolongador-skimmer-veico","9":"first","10":"instock","11":"shipping-taxable","12":"product-type-simple"},"_links":{"self":[{"href":"https:\/\/piscinariasumare.com.br\/vitrine\/wp-json\/wp\/v2\/product\/338","targetHints":{"allow":["GET"]}}],"collection":[{"href":"https:\/\/piscinariasumare.com.br\/vitrine\/wp-json\/wp\/v2\/product"}],"about":[{"href":"https:\/\/piscinariasumare.com.br\/vitrine\/wp-json\/wp\/v2\/types\/product"}],"replies":[{"embeddable":true,"href":"https:\/\/piscinariasumare.com.br\/vitrine\/wp-json\/wp\/v2\/comments?post=338"}],"wp:featuredmedia":[{"embeddable":true,"href":"https:\/\/piscinariasumare.com.br\/vitrine\/wp-json\/wp\/v2\/media\/339"}],"wp:attachment":[{"href":"https:\/\/piscinariasumare.com.br\/vitrine\/wp-json\/wp\/v2\/media?parent=338"}],"wp:term":[{"taxonomy":"product_brand","embeddable":true,"href":"https:\/\/piscinariasumare.com.br\/vitrine\/wp-json\/wp\/v2\/product_brand?post=338"},{"taxonomy":"product_cat","embeddable":true,"href":"https:\/\/piscinariasumare.com.br\/vitrine\/wp-json\/wp\/v2\/product_cat?post=338"},{"taxonomy":"product_tag","embeddable":true,"href":"https:\/\/piscinariasumare.com.br\/vitrine\/wp-json\/wp\/v2\/product_tag?post=338"}],"curies":[{"name":"wp","href":"https:\/\/api.w.org\/{rel}","templated":true}]}}