{"id":342,"date":"2025-10-03T19:11:55","date_gmt":"2025-10-03T22:11:55","guid":{"rendered":"https:\/\/piscinariasumare.com.br\/vitrine\/?post_type=product&#038;p=342"},"modified":"2025-10-03T19:11:55","modified_gmt":"2025-10-03T22:11:55","slug":"acabamento-skimmer-boca-estreita-veico","status":"publish","type":"product","link":"https:\/\/piscinariasumare.com.br\/vitrine\/produto\/acabamento-skimmer-boca-estreita-veico\/","title":{"rendered":"Acabamento skimmer boca estreita Veico"},"content":{"rendered":"<h1>Acabamento skimmer boca estreita Veico<\/h1>\n<p>Os skimmers promovem a movimenta\u00e7\u00e3o e remo\u00e7\u00e3o constante da camada superficial da \u00e1gua da piscina, retirando as impurezas em suspens\u00e3o na l\u00e2mina d\u00e1gua da piscina, onde se encontra o maior \u00edndice de contamina\u00e7\u00e3o, em fun\u00e7\u00e3o da menor presen\u00e7a do teor de cloro, maior n\u00famero de microrganismo, al\u00e9m dos res\u00edduos flutuantes como insetos, folhas, cabelos, pap\u00e9is, \u00f3leos bronzeadores, secre\u00e7\u00f5es buco nasais etc.<\/p>\n<p>Fabricados em termopl\u00e1stico de alta qualidade (ABS), sa\u00edda para acoplamento de aspira\u00e7\u00e3o, o que reduz o custo da obra.<br \/>\nNos modelos boca larga e boca pequena existe o sistema de regulagem de altura , adaptando-se aos diferentes tipos de revestimentos no piso.<br \/>\nSua instala\u00e7\u00e3o dever\u00e1 ser feita sempre na parede que fizer oposi\u00e7\u00e3o ao fluxo de retorno da piscina e de prefer\u00eancia contr\u00e1rio as correntes de vento de maior freq\u00fc\u00eancia facilmente constatadas no inicio das obras (posicionamento e constru\u00e7\u00e3o da piscina) possibilitando desta forma o perfeito funcionamento do sistema sem oposi\u00e7\u00e3o de for\u00e7as.<\/p>\n","protected":false},"excerpt":{"rendered":"<h4>A Piscinaria Sumar\u00e9 \u00e9 especialista em produtos e acess\u00f3rios para piscinas.<\/h4>\n<p>\u2013 Fabrica\u00e7\u00e3o pr\u00f3pria de produtos<br \/>\n\u2013 Distribuidora das principais marcas do mercado<br \/>\n\u2013 Especialistas ajudam a escolha do produto ou equipamento ideal<\/p>\n","protected":false},"featured_media":343,"comment_status":"open","ping_status":"closed","template":"","meta":[],"product_brand":[],"product_cat":[16],"product_tag":[144],"class_list":{"0":"post-342","1":"product","2":"type-product","3":"status-publish","4":"has-post-thumbnail","6":"product_cat-acessorios-limpeza","7":"product_tag-acabamento-skimmer-boca-estreita-veico","9":"first","10":"instock","11":"shipping-taxable","12":"product-type-simple"},"_links":{"self":[{"href":"https:\/\/piscinariasumare.com.br\/vitrine\/wp-json\/wp\/v2\/product\/342","targetHints":{"allow":["GET"]}}],"collection":[{"href":"https:\/\/piscinariasumare.com.br\/vitrine\/wp-json\/wp\/v2\/product"}],"about":[{"href":"https:\/\/piscinariasumare.com.br\/vitrine\/wp-json\/wp\/v2\/types\/product"}],"replies":[{"embeddable":true,"href":"https:\/\/piscinariasumare.com.br\/vitrine\/wp-json\/wp\/v2\/comments?post=342"}],"wp:featuredmedia":[{"embeddable":true,"href":"https:\/\/piscinariasumare.com.br\/vitrine\/wp-json\/wp\/v2\/media\/343"}],"wp:attachment":[{"href":"https:\/\/piscinariasumare.com.br\/vitrine\/wp-json\/wp\/v2\/media?parent=342"}],"wp:term":[{"taxonomy":"product_brand","embeddable":true,"href":"https:\/\/piscinariasumare.com.br\/vitrine\/wp-json\/wp\/v2\/product_brand?post=342"},{"taxonomy":"product_cat","embeddable":true,"href":"https:\/\/piscinariasumare.com.br\/vitrine\/wp-json\/wp\/v2\/product_cat?post=342"},{"taxonomy":"product_tag","embeddable":true,"href":"https:\/\/piscinariasumare.com.br\/vitrine\/wp-json\/wp\/v2\/product_tag?post=342"}],"curies":[{"name":"wp","href":"https:\/\/api.w.org\/{rel}","templated":true}]}}