{"id":344,"date":"2025-10-03T19:39:27","date_gmt":"2025-10-03T22:39:27","guid":{"rendered":"https:\/\/piscinariasumare.com.br\/vitrine\/?post_type=product&#038;p=344"},"modified":"2025-10-03T19:52:02","modified_gmt":"2025-10-03T22:52:02","slug":"quadro-de-comando-solar-g200-girassol","status":"publish","type":"product","link":"https:\/\/piscinariasumare.com.br\/vitrine\/produto\/quadro-de-comando-solar-g200-girassol\/","title":{"rendered":"Quadro de Comando Solar G200 &#8211; Girassol"},"content":{"rendered":"<h1>Quadro de Comando Solar G200 &#8211; Girassol<\/h1>\n<p>O Comando G200 para Placa Solar Girassol \u00e9 a solu\u00e7\u00e3o inteligente para o controle e gerenciamento de sistemas de aquecimento solar de piscinas. Compat\u00edvel com placas Girassol G200, ele automatiza o acionamento da bomba, regula a temperatura da \u00e1gua e protege o sistema contra sobrecargas, garantindo maior efici\u00eancia no aquecimento e economia de energia. Com instala\u00e7\u00e3o pr\u00e1tica e fun\u00e7\u00f5es avan\u00e7adas de seguran\u00e7a, proporciona conforto e prolonga a vida \u00fatil do seu sistema solar.<\/p>\n<p>Ideal para piscinas residenciais ou comerciais que buscam automa\u00e7\u00e3o, efici\u00eancia energ\u00e9tica e facilidade de uso no aquecimento da \u00e1gua.<\/p>\n<h4>Benef\u00edcios:<\/h4>\n<p>&#8211; Controle autom\u00e1tico da circula\u00e7\u00e3o e temperatura da \u00e1gua da piscina.<\/p>\n<p>&#8211; Prote\u00e7\u00e3o do sistema contra sobrecargas.<\/p>\n<p>&#8211; Maior efici\u00eancia energ\u00e9tica e economia de energia.<\/p>\n<p>&#8211; F\u00e1cil instala\u00e7\u00e3o e opera\u00e7\u00e3o intuitiva.<\/p>\n<p>&#8211; Prolonga a vida \u00fatil do sistema de placas solares Girassol.<\/p>\n","protected":false},"excerpt":{"rendered":"<h4>A Piscinaria Sumar\u00e9 \u00e9 especialista em produtos para piscinas.<\/h4>\n<p>\u2013 Fabrica\u00e7\u00e3o pr\u00f3pria de produtos<br \/>\n\u2013 Distribui\u00e7\u00e3o das principais marcas do mercado<br \/>\n\u2013 Especialistas que ajudam na escolha do produto e equipamento ideal<\/p>\n","protected":false},"featured_media":345,"comment_status":"open","ping_status":"closed","template":"","meta":[],"product_brand":[],"product_cat":[17],"product_tag":[145],"class_list":{"0":"post-344","1":"product","2":"type-product","3":"status-publish","4":"has-post-thumbnail","6":"product_cat-aquecedores","7":"product_tag-quadro-de-comando-solar-g200-girassol","9":"first","10":"instock","11":"shipping-taxable","12":"product-type-simple"},"_links":{"self":[{"href":"https:\/\/piscinariasumare.com.br\/vitrine\/wp-json\/wp\/v2\/product\/344","targetHints":{"allow":["GET"]}}],"collection":[{"href":"https:\/\/piscinariasumare.com.br\/vitrine\/wp-json\/wp\/v2\/product"}],"about":[{"href":"https:\/\/piscinariasumare.com.br\/vitrine\/wp-json\/wp\/v2\/types\/product"}],"replies":[{"embeddable":true,"href":"https:\/\/piscinariasumare.com.br\/vitrine\/wp-json\/wp\/v2\/comments?post=344"}],"wp:featuredmedia":[{"embeddable":true,"href":"https:\/\/piscinariasumare.com.br\/vitrine\/wp-json\/wp\/v2\/media\/345"}],"wp:attachment":[{"href":"https:\/\/piscinariasumare.com.br\/vitrine\/wp-json\/wp\/v2\/media?parent=344"}],"wp:term":[{"taxonomy":"product_brand","embeddable":true,"href":"https:\/\/piscinariasumare.com.br\/vitrine\/wp-json\/wp\/v2\/product_brand?post=344"},{"taxonomy":"product_cat","embeddable":true,"href":"https:\/\/piscinariasumare.com.br\/vitrine\/wp-json\/wp\/v2\/product_cat?post=344"},{"taxonomy":"product_tag","embeddable":true,"href":"https:\/\/piscinariasumare.com.br\/vitrine\/wp-json\/wp\/v2\/product_tag?post=344"}],"curies":[{"name":"wp","href":"https:\/\/api.w.org\/{rel}","templated":true}]}}