{"id":354,"date":"2025-10-03T20:15:38","date_gmt":"2025-10-03T23:15:38","guid":{"rendered":"https:\/\/piscinariasumare.com.br\/vitrine\/?post_type=product&#038;p=354"},"modified":"2025-10-03T20:16:20","modified_gmt":"2025-10-03T23:16:20","slug":"354","status":"publish","type":"product","link":"https:\/\/piscinariasumare.com.br\/vitrine\/produto\/354\/","title":{"rendered":"Kit Fechamento Placa"},"content":{"rendered":"<h1>Kit Fechamento Placa<\/h1>\n<p>Kit Fechamento Ts Solar Encaixe Perfeito \u00e9 indispens\u00e1vel para instala\u00e7\u00e3o e conex\u00e3o de bateria de Placas Coletoras da marca TS-Solar.<\/p>\n<p><strong>INCLUSO NA EMBALAGEM<\/strong><br \/>\n48 Pinos de Travamento<br \/>\n02 Tamp\u00f5es para terminais<br \/>\n02 Conex\u00f5es p\/ encaixe tubula\u00e7\u00e3o de 40mm<br \/>\n22 Orings de veda\u00e7\u00e3o AZUL &#8211; Di\u00e2metro Ext. 3,50Cm; Int 3,00Cm; Larg 0,70Cm<\/p>\n<p><strong>ENCAIXE PERFEITO!<\/strong><br \/>\nPara substitui\u00e7\u00e3o ou manuten\u00e7\u00e3o em placas j\u00e1 instaladas, confira antes a cor do seu oring antigo retirando o tamp\u00e3o da placa coletora. Este modelo atende especificamente as placas com Oring AZUL<\/p>\n","protected":false},"excerpt":{"rendered":"<h4>A Piscinaria Sumar\u00e9 \u00e9 especialista em produtos para piscinas.<\/h4>\n<p>\u2013 Fabrica\u00e7\u00e3o pr\u00f3pria de produtos<br \/>\n\u2013 Distribuidora das principais marcas do mercado<br \/>\n\u2013 Especialistas ajudam a escolha do produto ou equipamento ideal<\/p>\n","protected":false},"featured_media":356,"comment_status":"open","ping_status":"closed","template":"","meta":[],"product_brand":[],"product_cat":[17],"product_tag":[149],"class_list":{"0":"post-354","1":"product","2":"type-product","3":"status-publish","4":"has-post-thumbnail","6":"product_cat-aquecedores","7":"product_tag-kit-fechamento-placa","9":"first","10":"instock","11":"shipping-taxable","12":"product-type-simple"},"_links":{"self":[{"href":"https:\/\/piscinariasumare.com.br\/vitrine\/wp-json\/wp\/v2\/product\/354","targetHints":{"allow":["GET"]}}],"collection":[{"href":"https:\/\/piscinariasumare.com.br\/vitrine\/wp-json\/wp\/v2\/product"}],"about":[{"href":"https:\/\/piscinariasumare.com.br\/vitrine\/wp-json\/wp\/v2\/types\/product"}],"replies":[{"embeddable":true,"href":"https:\/\/piscinariasumare.com.br\/vitrine\/wp-json\/wp\/v2\/comments?post=354"}],"wp:featuredmedia":[{"embeddable":true,"href":"https:\/\/piscinariasumare.com.br\/vitrine\/wp-json\/wp\/v2\/media\/356"}],"wp:attachment":[{"href":"https:\/\/piscinariasumare.com.br\/vitrine\/wp-json\/wp\/v2\/media?parent=354"}],"wp:term":[{"taxonomy":"product_brand","embeddable":true,"href":"https:\/\/piscinariasumare.com.br\/vitrine\/wp-json\/wp\/v2\/product_brand?post=354"},{"taxonomy":"product_cat","embeddable":true,"href":"https:\/\/piscinariasumare.com.br\/vitrine\/wp-json\/wp\/v2\/product_cat?post=354"},{"taxonomy":"product_tag","embeddable":true,"href":"https:\/\/piscinariasumare.com.br\/vitrine\/wp-json\/wp\/v2\/product_tag?post=354"}],"curies":[{"name":"wp","href":"https:\/\/api.w.org\/{rel}","templated":true}]}}