{"id":362,"date":"2025-10-03T20:31:14","date_gmt":"2025-10-03T23:31:14","guid":{"rendered":"https:\/\/piscinariasumare.com.br\/vitrine\/?post_type=product&#038;p=362"},"modified":"2025-10-03T20:33:46","modified_gmt":"2025-10-03T23:33:46","slug":"aquecedor-eletrico-de-passagem-20-000kw-tholz-ate-40-mil","status":"publish","type":"product","link":"https:\/\/piscinariasumare.com.br\/vitrine\/produto\/aquecedor-eletrico-de-passagem-20-000kw-tholz-ate-40-mil\/","title":{"rendered":"Aquecedor el\u00e9trico de passagem 20.000kw &#8211; Tholz &#8211; at\u00e9 40 mil"},"content":{"rendered":"<h1>Aquecedor el\u00e9trico de passagem 20.000kw &#8211; Tholz &#8211; at\u00e9 40 mil<\/h1>\n<p>Chegou a hora de transformar sua piscina em um verdadeiro o\u00e1sis de relaxamento, divers\u00e3o e conforto com o Aquecedor de Piscinas El\u00e9trico de Passagem Tholz Luxpool de 20kW. Desenvolvido pela renomada marca Tholz, este aquecedor \u00e9 a solu\u00e7\u00e3o definitiva para garantir que a temperatura da \u00e1gua da sua piscina esteja sempre perfeita, independentemente das varia\u00e7\u00f5es clim\u00e1ticas.<\/p>\n<h4>Caracter\u00edsticas Destacadas:<\/h4>\n<p><strong>Pot\u00eancia Inigual\u00e1vel:<\/strong> Com uma pot\u00eancia de 20.000 watts (40kW), nosso aquecedor eletr\u00f4nico proporciona aquecimento r\u00e1pido e eficiente, transformando \u00e1gua fria em um convite irresist\u00edvel para um mergulho relaxante.<\/p>\n<p><strong>Materiais de Alta Qualidade:<\/strong>\u00a0Constru\u00eddo com materiais de alta qualidade, o aquecedor apresenta estrutura em poliftalamida, proporcionando durabilidade e resist\u00eancia excepcionais. A resist\u00eancia em inox 316 assegura que seu equipamento mantenha o desempenho de alto n\u00edvel por muito tempo.<\/p>\n<p><strong>Instala\u00e7\u00e3o Flex\u00edvel:<\/strong>\u00a0Este aquecedor da linha Luxpool \u00e9 projetado para atender \u00e0s suas necessidades espec\u00edficas. Pode ser instalado antes da motobomba, ap\u00f3s o filtro ou entre eles, sempre abaixo do n\u00edvel da \u00e1gua da piscina. Al\u00e9m disso, voc\u00ea tem a flexibilidade de instala\u00e7\u00e3o na posi\u00e7\u00e3o horizontal ou vertical, desde que respeite o fluxo de \u00e1gua.<\/p>\n","protected":false},"excerpt":{"rendered":"<h4>A Piscinaria Sumar\u00e9 \u00e9 especialista em produtos para piscinas.<\/h4>\n<p>\u2013 Fabrica\u00e7\u00e3o pr\u00f3pria de produtos<br \/>\n\u2013 Distribuidora das principais marcas do mercado<br \/>\n\u2013 Especialistas ajudam a escolha do produto ou equipamento ideal<\/p>\n","protected":false},"featured_media":363,"comment_status":"open","ping_status":"closed","template":"","meta":[],"product_brand":[],"product_cat":[17],"product_tag":[152],"class_list":{"0":"post-362","1":"product","2":"type-product","3":"status-publish","4":"has-post-thumbnail","6":"product_cat-aquecedores","7":"product_tag-aquecedor-eletrico-de-passagem-20-000kw-tholz-ate-40-mil","9":"first","10":"instock","11":"shipping-taxable","12":"product-type-simple"},"_links":{"self":[{"href":"https:\/\/piscinariasumare.com.br\/vitrine\/wp-json\/wp\/v2\/product\/362","targetHints":{"allow":["GET"]}}],"collection":[{"href":"https:\/\/piscinariasumare.com.br\/vitrine\/wp-json\/wp\/v2\/product"}],"about":[{"href":"https:\/\/piscinariasumare.com.br\/vitrine\/wp-json\/wp\/v2\/types\/product"}],"replies":[{"embeddable":true,"href":"https:\/\/piscinariasumare.com.br\/vitrine\/wp-json\/wp\/v2\/comments?post=362"}],"wp:featuredmedia":[{"embeddable":true,"href":"https:\/\/piscinariasumare.com.br\/vitrine\/wp-json\/wp\/v2\/media\/363"}],"wp:attachment":[{"href":"https:\/\/piscinariasumare.com.br\/vitrine\/wp-json\/wp\/v2\/media?parent=362"}],"wp:term":[{"taxonomy":"product_brand","embeddable":true,"href":"https:\/\/piscinariasumare.com.br\/vitrine\/wp-json\/wp\/v2\/product_brand?post=362"},{"taxonomy":"product_cat","embeddable":true,"href":"https:\/\/piscinariasumare.com.br\/vitrine\/wp-json\/wp\/v2\/product_cat?post=362"},{"taxonomy":"product_tag","embeddable":true,"href":"https:\/\/piscinariasumare.com.br\/vitrine\/wp-json\/wp\/v2\/product_tag?post=362"}],"curies":[{"name":"wp","href":"https:\/\/api.w.org\/{rel}","templated":true}]}}