{"id":365,"date":"2025-10-03T20:43:06","date_gmt":"2025-10-03T23:43:06","guid":{"rendered":"https:\/\/piscinariasumare.com.br\/vitrine\/?post_type=product&#038;p=365"},"modified":"2025-10-03T20:48:05","modified_gmt":"2025-10-03T23:48:05","slug":"trocadores-de-calor-sibrape-ortum-prime-inverter","status":"publish","type":"product","link":"https:\/\/piscinariasumare.com.br\/vitrine\/produto\/trocadores-de-calor-sibrape-ortum-prime-inverter\/","title":{"rendered":"Trocadores de Calor Sibrape &#8211; Ortum Prime Inverter"},"content":{"rendered":"<h1>Trocadores de Calor Sibrape &#8211; Ortum Prime Inverter<\/h1>\n<h4><strong>Trocador de Calor Sibrape &#8211; Ortum Prime Inverter S58<\/strong><br \/>\n<strong>Trocador de Calor Sibrape &#8211; Ortum Prime Inverter S110<\/strong><br \/>\n<strong>Trocador de Calor Sibrape &#8211; Ortum Prime Inverter S31<\/strong><br \/>\n<strong>Trocador de Calor Sibrape &#8211; Ortum Prime Inverter S72<\/strong><br \/>\n<strong>Trocador de Calor Sibrape &#8211; Ortum Prime Inverter S24<\/strong><br \/>\n<strong>Trocador de Calor Sibrape &#8211; Ortum Prime Inverter S38<\/strong><br \/>\n<strong>Trocador de Calor Sibrape &#8211; Ortum Prime Inverter S90<\/strong><\/h4>\n<p>A Bomba de Calor \u00e9 um dos equipamentos para aquecimento de piscinas mais eficiente do mercado. A sua tecnologia e componentes integrados permite manter a temperatura da piscina a n\u00edveis agrad\u00e1veis a um custo reduzido. Com um n\u00edvel de ru\u00eddo quase impercept\u00edvel para o ouvido e facilmente operado a partir de um aplicativo em seu telefone com sistema Wifi nativo e integrado ao equipamento.<\/p>\n<p>Com um moderno compressor, h\u00e9lice com design antirru\u00eddo em pol\u00edmero de engenharia, partida silenciosa do motor e ventilador, a Bomba de Calor oferece uma opera\u00e7\u00e3o super silenciosa. O ru\u00eddo produzido pela Bomba de Calor em opera\u00e7\u00e3o \u00e9 menor do que a gerada por alguns equipamentos e acess\u00f3rios que usamos em nosso cotidiano.<\/p>\n<p>A Bomba de Calor \u00e9 equipada com sistema duplo de opera\u00e7\u00e3o, podendo aquecer a \u00e1gua da piscina ou resfriar conforme sua necessidade. A maior parte do uso das bombas de calor \u00e9 para aquecimento, para obter melhor conforto t\u00e9rmico e prolongar o uso da piscina durante o ano. Em Piscinas de competi\u00e7\u00e3o, nata\u00e7\u00e3o ou de zonas muito quentes necessitam de resfriamento da \u00e1gua para adequar a sua necessidade.<\/p>\n<p>V\u00e1lvula expansora integrada &#8211; Consiste em uma v\u00e1lvula de expans\u00e3o eletr\u00f4nica que regula o \u2011fluxo de g\u00e1s com precis\u00e3o, melhorando o desempenho da bomba de calor<\/p>\n<p><a href=\"https:\/\/piscinariasumare.com.br\/contato\"><strong><u>* Consulte nossos especialistas<\/u><\/strong><\/a><\/p>\n","protected":false},"excerpt":{"rendered":"<h4>A Piscinaria Sumar\u00e9 \u00e9 especialista em produtos para piscinas.<\/h4>\n<p>\u2013 Fabrica\u00e7\u00e3o pr\u00f3pria de produtos<br \/>\n\u2013 Distribuidora das principais marcas do mercado<br \/>\n\u2013 Especialistas ajudam a escolha do produto ou equipamento ideal<\/p>\n","protected":false},"featured_media":366,"comment_status":"open","ping_status":"closed","template":"","meta":[],"product_brand":[],"product_cat":[17],"product_tag":[153],"class_list":{"0":"post-365","1":"product","2":"type-product","3":"status-publish","4":"has-post-thumbnail","6":"product_cat-aquecedores","7":"product_tag-trocadores-de-calor-sibrape-ortum-prime-inverter","9":"first","10":"instock","11":"shipping-taxable","12":"product-type-simple"},"_links":{"self":[{"href":"https:\/\/piscinariasumare.com.br\/vitrine\/wp-json\/wp\/v2\/product\/365","targetHints":{"allow":["GET"]}}],"collection":[{"href":"https:\/\/piscinariasumare.com.br\/vitrine\/wp-json\/wp\/v2\/product"}],"about":[{"href":"https:\/\/piscinariasumare.com.br\/vitrine\/wp-json\/wp\/v2\/types\/product"}],"replies":[{"embeddable":true,"href":"https:\/\/piscinariasumare.com.br\/vitrine\/wp-json\/wp\/v2\/comments?post=365"}],"wp:featuredmedia":[{"embeddable":true,"href":"https:\/\/piscinariasumare.com.br\/vitrine\/wp-json\/wp\/v2\/media\/366"}],"wp:attachment":[{"href":"https:\/\/piscinariasumare.com.br\/vitrine\/wp-json\/wp\/v2\/media?parent=365"}],"wp:term":[{"taxonomy":"product_brand","embeddable":true,"href":"https:\/\/piscinariasumare.com.br\/vitrine\/wp-json\/wp\/v2\/product_brand?post=365"},{"taxonomy":"product_cat","embeddable":true,"href":"https:\/\/piscinariasumare.com.br\/vitrine\/wp-json\/wp\/v2\/product_cat?post=365"},{"taxonomy":"product_tag","embeddable":true,"href":"https:\/\/piscinariasumare.com.br\/vitrine\/wp-json\/wp\/v2\/product_tag?post=365"}],"curies":[{"name":"wp","href":"https:\/\/api.w.org\/{rel}","templated":true}]}}