{"id":371,"date":"2025-10-09T09:35:01","date_gmt":"2025-10-09T12:35:01","guid":{"rendered":"https:\/\/piscinariasumare.com.br\/vitrine\/?post_type=product&#038;p=371"},"modified":"2025-10-09T09:35:01","modified_gmt":"2025-10-09T12:35:01","slug":"enrolador-de-capa-base-inox-tubo-aluminio-medio-4-50-mts","status":"publish","type":"product","link":"https:\/\/piscinariasumare.com.br\/vitrine\/produto\/enrolador-de-capa-base-inox-tubo-aluminio-medio-4-50-mts\/","title":{"rendered":"Enrolador de capa base inox\/tubo alum\u00ednio m\u00e9dio 4.50 mts"},"content":{"rendered":"<h1>Enrolador de capa base inox\/tubo alum\u00ednio m\u00e9dio 4.50 mts<\/h1>\n<p>O Enrolador de Capa T\u00e9rmica \u00e9 a solu\u00e7\u00e3o ideal para facilitar o manuseio das lonas de piscina. Com a capacidade para enrolar capas t\u00e9rmicas de at\u00e9 4,50 x 20 metros, este equipamento proporciona praticidade e efici\u00eancia, permitindo que voc\u00ea aproveite sua piscina sem complica\u00e7\u00f5es.<\/p>\n<p>Este enrolador \u00e9 projetado para oferecer durabilidade e um desempenho excepcional, tornando o processo de cobertura e descoberta de sua piscina muito mais \u00e1gil. Com seu design funcional, voc\u00ea pode evitar danos \u00e0 lona, aumentando a vida \u00fatil do produto.<\/p>\n<p>A instala\u00e7\u00e3o e utiliza\u00e7\u00e3o do enrolador s\u00e3o simples, permitindo que qualquer pessoa consiga utiliz\u00e1-lo sem dificuldade. Assim, voc\u00ea poder\u00e1 dedicar mais tempo ao que realmente importa: relaxar e desfrutar de momentos agrad\u00e1veis ao lado da fam\u00edlia e amigos.<\/p>\n<p>Invista em qualidade e praticidade para sua piscina com o Enrolador de Capa T\u00e9rmica e transforme a sua experi\u00eancia de uso. Com este equipamento, manter sua piscina limpa e pronta para o uso se tornar\u00e1 muito mais f\u00e1cil.<\/p>\n","protected":false},"excerpt":{"rendered":"<h4>A Piscinaria Sumar\u00e9 \u00e9 especialista em produtos para piscinas.<\/h4>\n<p>\u2013 Fabrica\u00e7\u00e3o pr\u00f3pria de produtos<br \/>\n\u2013 Distribui\u00e7\u00e3o das principais marcas do mercado<br \/>\n\u2013 Especialistas que ajudam na escolha do produto e equipamento ideal<\/p>\n","protected":false},"featured_media":372,"comment_status":"open","ping_status":"closed","template":"","meta":[],"product_brand":[],"product_cat":[18],"product_tag":[154],"class_list":{"0":"post-371","1":"product","2":"type-product","3":"status-publish","4":"has-post-thumbnail","6":"product_cat-capa-p-piscinas-enrolador","7":"product_tag-enrolador-de-capa-base-inox-tubo-aluminio-medio-4-50-mts","9":"first","10":"instock","11":"shipping-taxable","12":"product-type-simple"},"_links":{"self":[{"href":"https:\/\/piscinariasumare.com.br\/vitrine\/wp-json\/wp\/v2\/product\/371","targetHints":{"allow":["GET"]}}],"collection":[{"href":"https:\/\/piscinariasumare.com.br\/vitrine\/wp-json\/wp\/v2\/product"}],"about":[{"href":"https:\/\/piscinariasumare.com.br\/vitrine\/wp-json\/wp\/v2\/types\/product"}],"replies":[{"embeddable":true,"href":"https:\/\/piscinariasumare.com.br\/vitrine\/wp-json\/wp\/v2\/comments?post=371"}],"wp:featuredmedia":[{"embeddable":true,"href":"https:\/\/piscinariasumare.com.br\/vitrine\/wp-json\/wp\/v2\/media\/372"}],"wp:attachment":[{"href":"https:\/\/piscinariasumare.com.br\/vitrine\/wp-json\/wp\/v2\/media?parent=371"}],"wp:term":[{"taxonomy":"product_brand","embeddable":true,"href":"https:\/\/piscinariasumare.com.br\/vitrine\/wp-json\/wp\/v2\/product_brand?post=371"},{"taxonomy":"product_cat","embeddable":true,"href":"https:\/\/piscinariasumare.com.br\/vitrine\/wp-json\/wp\/v2\/product_cat?post=371"},{"taxonomy":"product_tag","embeddable":true,"href":"https:\/\/piscinariasumare.com.br\/vitrine\/wp-json\/wp\/v2\/product_tag?post=371"}],"curies":[{"name":"wp","href":"https:\/\/api.w.org\/{rel}","templated":true}]}}