{"id":375,"date":"2025-10-09T09:45:09","date_gmt":"2025-10-09T12:45:09","guid":{"rendered":"https:\/\/piscinariasumare.com.br\/vitrine\/?post_type=product&#038;p=375"},"modified":"2025-10-09T09:45:09","modified_gmt":"2025-10-09T12:45:09","slug":"enrolador-de-capa-base-inox-tubo-aluminio-grande-600-mts","status":"publish","type":"product","link":"https:\/\/piscinariasumare.com.br\/vitrine\/produto\/enrolador-de-capa-base-inox-tubo-aluminio-grande-600-mts\/","title":{"rendered":"Enrolador de capa base inox\/tubo alum\u00ednio grande 6,00 mts"},"content":{"rendered":"<h1>Enrolador de capa base inox\/tubo alum\u00ednio grande 6,00 mts<\/h1>\n<p>Algumas pessoas t\u00eam dificuldade em colocar e retirar a capa t\u00e9rmica da piscina. Com isso, o enrolador de capa t\u00e9rmica para piscina vem para facilitar a sua vida.<br \/>\nAl\u00e9m do novo design moderno, a nova linha 2024 ficou ainda mais resistente. Desenvolvido especialmente para uso com as Capas T\u00e9rmicas, este enrolador de capa de piscina evita dobras, diminui rasgos e danos nas bolhas, aumentando assim a vida \u00fatil da capa t\u00e9rmica. O Enrolador de Capa de piscina pode ser utilizado em qualquer formato de piscinas (retangulares, ovais e irregulares). Seu design moderno garante adequa\u00e7\u00e3o ao ambiente da piscina.<\/p>\n<p><strong>CARACTERISTICAS:<\/strong><br \/>\nPISCINAS: retangulares, ovais e irregulares<br \/>\nTAMANHO: M\u00e9dio &#8211; V\u00e3o Livre 4,95 metros.<br \/>\nSuporta capas t\u00e9rmicas 300 micras de at\u00e9 4,50(L) x 20MTS (C)<br \/>\nSuporta capas t\u00e9rmicas 500 micras de at\u00e9 4,50(L) x 15MTS (C)<\/p>\n<p>Al\u00e9m do Novo Design a linha 2024 ficou ainda mais resistente conhe\u00e7a os upgrades e diferenciais da marca Atco.<\/p>\n<p><strong>BENEFICIOS<\/strong><br \/>\n&#8211; Evita dobras, diminui rasgos e danos nas bolhas<br \/>\n&#8211; Preserva\u00e7\u00e3o da capa t\u00e9rmica da piscina promovendo assim uma maior vida \u00fatil ao produto.<br \/>\n&#8211; Maior facilidade para a aplica\u00e7\u00e3o e remo\u00e7\u00e3o da capa sobre a superf\u00edcie da piscina.<br \/>\n&#8211; Mecanismo retr\u00e1til o que permite o uso do enrolador de capa t\u00e9rmica para piscina n\u00e3o importa o tamanho da sua piscina.<br \/>\n&#8211; Alta durabilidade.<br \/>\n&#8211; Peso leve e de f\u00e1cil manuseio.<\/p>\n<p><strong>DIFERENCIAIS<\/strong><br \/>\n&#8211; Pneus em borracha maci\u00e7a<br \/>\n&#8211; Tubos em alum\u00ednio refor\u00e7ado<br \/>\n&#8211; Volante com novo design, logotipo e emborrachado promovendo maior conforto, leveza e facilidade no manuseio.<br \/>\n&#8211; Fabricado com material de alta qualidade resistentes ao cloro, sol e outros qu\u00edmicos e agentes degradantes.<\/p>\n<p><strong>KIT ACOMPANHA:<\/strong><br \/>\n&#8211; Manual de Instru\u00e7\u00f5es de Montagem<br \/>\n&#8211; Conjunto de parafusos e ferramentas<br \/>\n&#8211; Kit de fixa\u00e7\u00e3o (composto por al\u00e7as, fivelas e presilhas) 1,40m cada fita.<\/p>\n","protected":false},"excerpt":{"rendered":"<h4>A Piscinaria Sumar\u00e9 \u00e9 especialista em produtos para piscinas.<\/h4>\n<p>\u2013 Fabrica\u00e7\u00e3o pr\u00f3pria de produtos<br \/>\n\u2013 Distribui\u00e7\u00e3o das principais marcas do mercado<br \/>\n\u2013 Especialistas que ajudam na escolha do produto e equipamento ideal<\/p>\n","protected":false},"featured_media":376,"comment_status":"open","ping_status":"closed","template":"","meta":[],"product_brand":[],"product_cat":[18],"product_tag":[157,156],"class_list":{"0":"post-375","1":"product","2":"type-product","3":"status-publish","4":"has-post-thumbnail","6":"product_cat-capa-p-piscinas-enrolador","7":"product_tag-00-mts","8":"product_tag-enrolador-de-capa-base-inox-tubo-aluminio-grande-6","10":"first","11":"instock","12":"shipping-taxable","13":"product-type-simple"},"_links":{"self":[{"href":"https:\/\/piscinariasumare.com.br\/vitrine\/wp-json\/wp\/v2\/product\/375","targetHints":{"allow":["GET"]}}],"collection":[{"href":"https:\/\/piscinariasumare.com.br\/vitrine\/wp-json\/wp\/v2\/product"}],"about":[{"href":"https:\/\/piscinariasumare.com.br\/vitrine\/wp-json\/wp\/v2\/types\/product"}],"replies":[{"embeddable":true,"href":"https:\/\/piscinariasumare.com.br\/vitrine\/wp-json\/wp\/v2\/comments?post=375"}],"wp:featuredmedia":[{"embeddable":true,"href":"https:\/\/piscinariasumare.com.br\/vitrine\/wp-json\/wp\/v2\/media\/376"}],"wp:attachment":[{"href":"https:\/\/piscinariasumare.com.br\/vitrine\/wp-json\/wp\/v2\/media?parent=375"}],"wp:term":[{"taxonomy":"product_brand","embeddable":true,"href":"https:\/\/piscinariasumare.com.br\/vitrine\/wp-json\/wp\/v2\/product_brand?post=375"},{"taxonomy":"product_cat","embeddable":true,"href":"https:\/\/piscinariasumare.com.br\/vitrine\/wp-json\/wp\/v2\/product_cat?post=375"},{"taxonomy":"product_tag","embeddable":true,"href":"https:\/\/piscinariasumare.com.br\/vitrine\/wp-json\/wp\/v2\/product_tag?post=375"}],"curies":[{"name":"wp","href":"https:\/\/api.w.org\/{rel}","templated":true}]}}