{"id":377,"date":"2025-10-09T09:50:59","date_gmt":"2025-10-09T12:50:59","guid":{"rendered":"https:\/\/piscinariasumare.com.br\/vitrine\/?post_type=product&#038;p=377"},"modified":"2025-10-09T09:50:59","modified_gmt":"2025-10-09T12:50:59","slug":"enrolador-de-capa-base-inox-tubo-aluminio-medio-300-x-195-mts","status":"publish","type":"product","link":"https:\/\/piscinariasumare.com.br\/vitrine\/produto\/enrolador-de-capa-base-inox-tubo-aluminio-medio-300-x-195-mts\/","title":{"rendered":"Enrolador de capa base inox\/tubo alum\u00ednio m\u00e9dio 3,00 x 1,95 mts"},"content":{"rendered":"<h1>Enrolador de capa base inox\/tubo alum\u00ednio m\u00e9dio 3,00 x 1,95 mts<\/h1>\n<p><strong>Praticidade:<\/strong> Facilita colocar e retirar a capa da piscina.<br \/>\n<strong>Ideal para:<\/strong> Capas t\u00e9rmicas ATCO.<br \/>\n<strong>Largura ajust\u00e1vel:<\/strong> Adapt\u00e1vel para piscinas com largura de at\u00e9 3 metros.<br \/>\n<strong>Adapt\u00e1vel:<\/strong> Para qualquer formato de piscina (retangulares, ovais e irregulares).<br \/>\n<strong>Com Rodas:<\/strong> Leve e f\u00e1cil de transportar.<br \/>\n<strong>Instala\u00e7\u00e3o:<\/strong> Simples e produto desmont\u00e1vel.<br \/>\n<strong>Volante:<\/strong> Emborrachado com novo design logotipado.<br \/>\n<strong>Resistente:<\/strong> Ao sol, chuva, cloro e produtos de tratamento de piscina.<br \/>\n<strong>Benef\u00edcios:<\/strong> Diminui rasgos e danos nas bolhas da capa t\u00e9rmica ATCO.<br \/>\n<strong>Material:<\/strong> Composto por a\u00e7o inox, tubo de alum\u00ednio tratado e pl\u00e1stico com tratamento anti-UV.<\/p>\n","protected":false},"excerpt":{"rendered":"<h4>A Piscinaria Sumar\u00e9 \u00e9 especialista em produtos para piscinas.<\/h4>\n<p>\u2013 Fabrica\u00e7\u00e3o pr\u00f3pria de produtos<br \/>\n\u2013 Distribui\u00e7\u00e3o das principais marcas do mercado<br \/>\n\u2013 Especialistas que ajudam na escolha do produto e equipamento ideal<\/p>\n","protected":false},"featured_media":378,"comment_status":"open","ping_status":"closed","template":"","meta":[],"product_brand":[],"product_cat":[18],"product_tag":[159,160,158],"class_list":{"0":"post-377","1":"product","2":"type-product","3":"status-publish","4":"has-post-thumbnail","6":"product_cat-capa-p-piscinas-enrolador","7":"product_tag-00-x-1","8":"product_tag-95-mts","9":"product_tag-enrolador-de-capa-base-inox-tubo-aluminio-medio-3","11":"first","12":"instock","13":"shipping-taxable","14":"product-type-simple"},"_links":{"self":[{"href":"https:\/\/piscinariasumare.com.br\/vitrine\/wp-json\/wp\/v2\/product\/377","targetHints":{"allow":["GET"]}}],"collection":[{"href":"https:\/\/piscinariasumare.com.br\/vitrine\/wp-json\/wp\/v2\/product"}],"about":[{"href":"https:\/\/piscinariasumare.com.br\/vitrine\/wp-json\/wp\/v2\/types\/product"}],"replies":[{"embeddable":true,"href":"https:\/\/piscinariasumare.com.br\/vitrine\/wp-json\/wp\/v2\/comments?post=377"}],"wp:featuredmedia":[{"embeddable":true,"href":"https:\/\/piscinariasumare.com.br\/vitrine\/wp-json\/wp\/v2\/media\/378"}],"wp:attachment":[{"href":"https:\/\/piscinariasumare.com.br\/vitrine\/wp-json\/wp\/v2\/media?parent=377"}],"wp:term":[{"taxonomy":"product_brand","embeddable":true,"href":"https:\/\/piscinariasumare.com.br\/vitrine\/wp-json\/wp\/v2\/product_brand?post=377"},{"taxonomy":"product_cat","embeddable":true,"href":"https:\/\/piscinariasumare.com.br\/vitrine\/wp-json\/wp\/v2\/product_cat?post=377"},{"taxonomy":"product_tag","embeddable":true,"href":"https:\/\/piscinariasumare.com.br\/vitrine\/wp-json\/wp\/v2\/product_tag?post=377"}],"curies":[{"name":"wp","href":"https:\/\/api.w.org\/{rel}","templated":true}]}}