{"id":381,"date":"2025-10-09T10:13:00","date_gmt":"2025-10-09T13:13:00","guid":{"rendered":"https:\/\/piscinariasumare.com.br\/vitrine\/?post_type=product&#038;p=381"},"modified":"2025-10-09T10:13:49","modified_gmt":"2025-10-09T13:13:49","slug":"cascata-embutir-100-cm-fibra-inox","status":"publish","type":"product","link":"https:\/\/piscinariasumare.com.br\/vitrine\/produto\/cascata-embutir-100-cm-fibra-inox\/","title":{"rendered":"Cascata embutir 100 cm fibra \/ inox"},"content":{"rendered":"<h1>Cascata embutir 100 cm fibra \/ inox<\/h1>\n<p>As cascatas tem a finalidade de agregar valor a sua piscina.<br \/>\nCom design moderno e inovador, elas embelezam seu ambiente de lazer com quedas d&#8217;\u00e1gua que proporcionam uma sensa\u00e7\u00e3o refrescante de relaxamento e divers\u00e3o, al\u00e9m de contribuir no processo de oxigena\u00e7\u00e3o da \u00e1gua de sua piscina.<br \/>\nS\u00e3o desenvolvidas em fibra e a\u00e7o inoxid\u00e1vel e materiais n\u00e3o ferrosos, oferecendo excelente resist\u00eancia e durabilidade.<\/p>\n<p><strong>Descri\u00e7\u00e3o:<\/strong><br \/>\nLargura total: 100 cm<\/p>\n","protected":false},"excerpt":{"rendered":"<h4>A Piscinaria Sumar\u00e9 \u00e9 especialista em produtos para piscinas.<\/h4>\n<p>\u2013 Fabrica\u00e7\u00e3o pr\u00f3pria de produtos<br \/>\n\u2013 Distribui\u00e7\u00e3o das principais marcas do mercado<br \/>\n\u2013 Nossos especialistas ajudam na escolha do produto e equipamento ideal<\/p>\n","protected":false},"featured_media":173,"comment_status":"open","ping_status":"closed","template":"","meta":[],"product_brand":[],"product_cat":[19],"product_tag":[57],"class_list":{"0":"post-381","1":"product","2":"type-product","3":"status-publish","4":"has-post-thumbnail","6":"product_cat-cascatas-duchas","7":"product_tag-cascata-embutir-40-cm-fibra-inox","9":"first","10":"instock","11":"shipping-taxable","12":"product-type-simple"},"_links":{"self":[{"href":"https:\/\/piscinariasumare.com.br\/vitrine\/wp-json\/wp\/v2\/product\/381","targetHints":{"allow":["GET"]}}],"collection":[{"href":"https:\/\/piscinariasumare.com.br\/vitrine\/wp-json\/wp\/v2\/product"}],"about":[{"href":"https:\/\/piscinariasumare.com.br\/vitrine\/wp-json\/wp\/v2\/types\/product"}],"replies":[{"embeddable":true,"href":"https:\/\/piscinariasumare.com.br\/vitrine\/wp-json\/wp\/v2\/comments?post=381"}],"wp:featuredmedia":[{"embeddable":true,"href":"https:\/\/piscinariasumare.com.br\/vitrine\/wp-json\/wp\/v2\/media\/173"}],"wp:attachment":[{"href":"https:\/\/piscinariasumare.com.br\/vitrine\/wp-json\/wp\/v2\/media?parent=381"}],"wp:term":[{"taxonomy":"product_brand","embeddable":true,"href":"https:\/\/piscinariasumare.com.br\/vitrine\/wp-json\/wp\/v2\/product_brand?post=381"},{"taxonomy":"product_cat","embeddable":true,"href":"https:\/\/piscinariasumare.com.br\/vitrine\/wp-json\/wp\/v2\/product_cat?post=381"},{"taxonomy":"product_tag","embeddable":true,"href":"https:\/\/piscinariasumare.com.br\/vitrine\/wp-json\/wp\/v2\/product_tag?post=381"}],"curies":[{"name":"wp","href":"https:\/\/api.w.org\/{rel}","templated":true}]}}