{"id":395,"date":"2025-10-09T14:23:04","date_gmt":"2025-10-09T17:23:04","guid":{"rendered":"https:\/\/piscinariasumare.com.br\/vitrine\/?post_type=product&#038;p=395"},"modified":"2025-10-09T14:23:04","modified_gmt":"2025-10-09T17:23:04","slug":"canhao-vinil-fibra","status":"publish","type":"product","link":"https:\/\/piscinariasumare.com.br\/vitrine\/produto\/canhao-vinil-fibra\/","title":{"rendered":"Canh\u00e3o &#8211; Vinil \/ Fibra"},"content":{"rendered":"<h1>Canh\u00e3o &#8211; Vinil \/ Fibra<\/h1>\n<p>&#8211; Fabricado em abs termopl\u00e1stico.<br \/>\n&#8211; Di\u00e2metro total: 10cm.<\/p>\n","protected":false},"excerpt":{"rendered":"<h4>A Piscinaria Sumar\u00e9 \u00e9 especialista em produtos para piscinas.<\/h4>\n<p>\u2013 Fabrica\u00e7\u00e3o pr\u00f3pria de produtos<br \/>\n\u2013 Distribui\u00e7\u00e3o das principais marcas do mercado<br \/>\n\u2013 Especialistas que ajudam na escolha do produto e equipamento ideal<\/p>\n","protected":false},"featured_media":396,"comment_status":"open","ping_status":"closed","template":"","meta":[],"product_brand":[],"product_cat":[20],"product_tag":[170],"class_list":{"0":"post-395","1":"product","2":"type-product","3":"status-publish","4":"has-post-thumbnail","6":"product_cat-dispositivos","7":"product_tag-canhao-vinil-fibra","9":"first","10":"instock","11":"shipping-taxable","12":"product-type-simple"},"_links":{"self":[{"href":"https:\/\/piscinariasumare.com.br\/vitrine\/wp-json\/wp\/v2\/product\/395","targetHints":{"allow":["GET"]}}],"collection":[{"href":"https:\/\/piscinariasumare.com.br\/vitrine\/wp-json\/wp\/v2\/product"}],"about":[{"href":"https:\/\/piscinariasumare.com.br\/vitrine\/wp-json\/wp\/v2\/types\/product"}],"replies":[{"embeddable":true,"href":"https:\/\/piscinariasumare.com.br\/vitrine\/wp-json\/wp\/v2\/comments?post=395"}],"wp:featuredmedia":[{"embeddable":true,"href":"https:\/\/piscinariasumare.com.br\/vitrine\/wp-json\/wp\/v2\/media\/396"}],"wp:attachment":[{"href":"https:\/\/piscinariasumare.com.br\/vitrine\/wp-json\/wp\/v2\/media?parent=395"}],"wp:term":[{"taxonomy":"product_brand","embeddable":true,"href":"https:\/\/piscinariasumare.com.br\/vitrine\/wp-json\/wp\/v2\/product_brand?post=395"},{"taxonomy":"product_cat","embeddable":true,"href":"https:\/\/piscinariasumare.com.br\/vitrine\/wp-json\/wp\/v2\/product_cat?post=395"},{"taxonomy":"product_tag","embeddable":true,"href":"https:\/\/piscinariasumare.com.br\/vitrine\/wp-json\/wp\/v2\/product_tag?post=395"}],"curies":[{"name":"wp","href":"https:\/\/api.w.org\/{rel}","templated":true}]}}