{"id":434,"date":"2025-10-10T11:18:47","date_gmt":"2025-10-10T14:18:47","guid":{"rendered":"https:\/\/piscinariasumare.com.br\/vitrine\/?post_type=product&#038;p=434"},"modified":"2025-10-10T11:18:47","modified_gmt":"2025-10-10T14:18:47","slug":"skimmer-boca-estreita-para-30cm-para-fibra-sibrape","status":"publish","type":"product","link":"https:\/\/piscinariasumare.com.br\/vitrine\/produto\/skimmer-boca-estreita-para-30cm-para-fibra-sibrape\/","title":{"rendered":"Skimmer boca estreita para 30cm para Fibra Sibrape"},"content":{"rendered":"<h1>Skimmer boca estreita para 30cm para Fibra Sibrape<\/h1>\n<p>Os skimmers promovem a movimenta\u00e7\u00e3o e remo\u00e7\u00e3o constante da camada superficial da \u00e1gua da piscina, retirando as impurezas em suspens\u00e3o na l\u00e2mina d\u00e1gua da piscina, onde se encontra o maior \u00edndice de contamina\u00e7\u00e3o, em fun\u00e7\u00e3o da menor presen\u00e7a do teor de cloro, maior n\u00famero de microrganismo, al\u00e9m dos res\u00edduos flutuantes como insetos, folhas, cabelos, pap\u00e9is, \u00f3leos bronzeadores, secre\u00e7\u00f5es buco &#8211; nasais etc Caracter\u00edsticas:<br \/>\nModelo: Boca Larga Cinza<br \/>\nCor: Branca<br \/>\nTubula\u00e7\u00e3o 1 1\/2&#8221; (50mm)<br \/>\nMedidas:<br \/>\nBoca (A) 200 Cm X (L) 286 mm<br \/>\nSkimmer Inteiro Profundidade 36 Cm<br \/>\nParte que Fica Exposta na Pedra 23 X 23 Cm<\/p>\n","protected":false},"excerpt":{"rendered":"<h4>A Piscinaria Sumar\u00e9 \u00e9 especialista em produtos para piscinas.<\/h4>\n<p>\u2013 Fabrica\u00e7\u00e3o pr\u00f3pria de produtos<br \/>\n\u2013 Distribui\u00e7\u00e3o das principais marcas do mercado<br \/>\n\u2013 Especialistas que ajudam na escolha do produto e equipamento ideal<\/p>\n","protected":false},"featured_media":435,"comment_status":"open","ping_status":"closed","template":"","meta":[],"product_brand":[],"product_cat":[20],"product_tag":[188],"class_list":{"0":"post-434","1":"product","2":"type-product","3":"status-publish","4":"has-post-thumbnail","6":"product_cat-dispositivos","7":"product_tag-skimmer-boca-estreita-para-30cm-para-fibra-sibrape","9":"first","10":"instock","11":"shipping-taxable","12":"product-type-simple"},"_links":{"self":[{"href":"https:\/\/piscinariasumare.com.br\/vitrine\/wp-json\/wp\/v2\/product\/434","targetHints":{"allow":["GET"]}}],"collection":[{"href":"https:\/\/piscinariasumare.com.br\/vitrine\/wp-json\/wp\/v2\/product"}],"about":[{"href":"https:\/\/piscinariasumare.com.br\/vitrine\/wp-json\/wp\/v2\/types\/product"}],"replies":[{"embeddable":true,"href":"https:\/\/piscinariasumare.com.br\/vitrine\/wp-json\/wp\/v2\/comments?post=434"}],"wp:featuredmedia":[{"embeddable":true,"href":"https:\/\/piscinariasumare.com.br\/vitrine\/wp-json\/wp\/v2\/media\/435"}],"wp:attachment":[{"href":"https:\/\/piscinariasumare.com.br\/vitrine\/wp-json\/wp\/v2\/media?parent=434"}],"wp:term":[{"taxonomy":"product_brand","embeddable":true,"href":"https:\/\/piscinariasumare.com.br\/vitrine\/wp-json\/wp\/v2\/product_brand?post=434"},{"taxonomy":"product_cat","embeddable":true,"href":"https:\/\/piscinariasumare.com.br\/vitrine\/wp-json\/wp\/v2\/product_cat?post=434"},{"taxonomy":"product_tag","embeddable":true,"href":"https:\/\/piscinariasumare.com.br\/vitrine\/wp-json\/wp\/v2\/product_tag?post=434"}],"curies":[{"name":"wp","href":"https:\/\/api.w.org\/{rel}","templated":true}]}}