{"id":508,"date":"2025-10-10T15:34:37","date_gmt":"2025-10-10T18:34:37","guid":{"rendered":"https:\/\/piscinariasumare.com.br\/vitrine\/?post_type=product&#038;p=508"},"modified":"2025-10-10T15:34:38","modified_gmt":"2025-10-10T18:34:38","slug":"corrimao-espanha-para-vinil-e-fibra","status":"publish","type":"product","link":"https:\/\/piscinariasumare.com.br\/vitrine\/produto\/corrimao-espanha-para-vinil-e-fibra\/","title":{"rendered":"Corrim\u00e3o espanha para Vinil e Fibra"},"content":{"rendered":"<h1>Corrim\u00e3o espanha para Vinil e Fibra<\/h1>\n<h4>A Piscinaria Sumar\u00e9 \u00e9 especialista em produtos para piscinas.<\/h4>\n<p>\u2013 Fabrica\u00e7\u00e3o pr\u00f3pria de produtos<br \/>\n\u2013 Distribui\u00e7\u00e3o das principais marcas do mercado<br \/>\n\u2013 Nossos especialistas ajudam na escolha do produto e equipamento ideal<\/p>\n","protected":false},"excerpt":{"rendered":"<h4>A Piscinaria Sumar\u00e9 \u00e9 especialista em produtos para piscinas.<\/h4>\n<p>\u2013 Fabrica\u00e7\u00e3o pr\u00f3pria de produtos<br \/>\n\u2013 Distribui\u00e7\u00e3o das principais marcas do mercado<br \/>\n\u2013 Nossos especialistas ajudam na escolha do produto e equipamento ideal<\/p>\n","protected":false},"featured_media":509,"comment_status":"open","ping_status":"closed","template":"","meta":[],"product_brand":[],"product_cat":[21],"product_tag":[226],"class_list":{"0":"post-508","1":"product","2":"type-product","3":"status-publish","4":"has-post-thumbnail","6":"product_cat-escadas-para-piscinas","7":"product_tag-corrimao-espanha-para-vinil-e-fibra","9":"first","10":"instock","11":"shipping-taxable","12":"product-type-simple"},"_links":{"self":[{"href":"https:\/\/piscinariasumare.com.br\/vitrine\/wp-json\/wp\/v2\/product\/508","targetHints":{"allow":["GET"]}}],"collection":[{"href":"https:\/\/piscinariasumare.com.br\/vitrine\/wp-json\/wp\/v2\/product"}],"about":[{"href":"https:\/\/piscinariasumare.com.br\/vitrine\/wp-json\/wp\/v2\/types\/product"}],"replies":[{"embeddable":true,"href":"https:\/\/piscinariasumare.com.br\/vitrine\/wp-json\/wp\/v2\/comments?post=508"}],"wp:featuredmedia":[{"embeddable":true,"href":"https:\/\/piscinariasumare.com.br\/vitrine\/wp-json\/wp\/v2\/media\/509"}],"wp:attachment":[{"href":"https:\/\/piscinariasumare.com.br\/vitrine\/wp-json\/wp\/v2\/media?parent=508"}],"wp:term":[{"taxonomy":"product_brand","embeddable":true,"href":"https:\/\/piscinariasumare.com.br\/vitrine\/wp-json\/wp\/v2\/product_brand?post=508"},{"taxonomy":"product_cat","embeddable":true,"href":"https:\/\/piscinariasumare.com.br\/vitrine\/wp-json\/wp\/v2\/product_cat?post=508"},{"taxonomy":"product_tag","embeddable":true,"href":"https:\/\/piscinariasumare.com.br\/vitrine\/wp-json\/wp\/v2\/product_tag?post=508"}],"curies":[{"name":"wp","href":"https:\/\/api.w.org\/{rel}","templated":true}]}}