{"id":639,"date":"2025-10-15T19:18:32","date_gmt":"2025-10-15T22:18:32","guid":{"rendered":"https:\/\/piscinariasumare.com.br\/vitrine\/?post_type=product&#038;p=639"},"modified":"2025-10-15T19:18:32","modified_gmt":"2025-10-15T22:18:32","slug":"sulfato-de-aluminio-2kg-suall","status":"publish","type":"product","link":"https:\/\/piscinariasumare.com.br\/vitrine\/produto\/sulfato-de-aluminio-2kg-suall\/","title":{"rendered":"Sulfato de alum\u00ednio 2kg Suall"},"content":{"rendered":"<h1>Sulfato de alum\u00ednio 2kg Suall<\/h1>\n","protected":false},"excerpt":{"rendered":"<h4>A Piscinaria Sumar\u00e9 \u00e9 especialista em produtos para piscinas.<\/h4>\n<p>\u2013 Fabrica\u00e7\u00e3o pr\u00f3pria de produtos<br \/>\n\u2013 Distribuidora das principais marcas do mercado<br \/>\n\u2013 Especialistas ajudam a escolha do produto ou equipamento ideal<\/p>\n","protected":false},"featured_media":640,"comment_status":"open","ping_status":"closed","template":"","meta":[],"product_brand":[],"product_cat":[25],"product_tag":[287],"class_list":{"0":"post-639","1":"product","2":"type-product","3":"status-publish","4":"has-post-thumbnail","6":"product_cat-produtos-quimicos","7":"product_tag-sulfato-de-aluminio-2kg-suall","9":"first","10":"instock","11":"shipping-taxable","12":"product-type-simple"},"_links":{"self":[{"href":"https:\/\/piscinariasumare.com.br\/vitrine\/wp-json\/wp\/v2\/product\/639","targetHints":{"allow":["GET"]}}],"collection":[{"href":"https:\/\/piscinariasumare.com.br\/vitrine\/wp-json\/wp\/v2\/product"}],"about":[{"href":"https:\/\/piscinariasumare.com.br\/vitrine\/wp-json\/wp\/v2\/types\/product"}],"replies":[{"embeddable":true,"href":"https:\/\/piscinariasumare.com.br\/vitrine\/wp-json\/wp\/v2\/comments?post=639"}],"wp:featuredmedia":[{"embeddable":true,"href":"https:\/\/piscinariasumare.com.br\/vitrine\/wp-json\/wp\/v2\/media\/640"}],"wp:attachment":[{"href":"https:\/\/piscinariasumare.com.br\/vitrine\/wp-json\/wp\/v2\/media?parent=639"}],"wp:term":[{"taxonomy":"product_brand","embeddable":true,"href":"https:\/\/piscinariasumare.com.br\/vitrine\/wp-json\/wp\/v2\/product_brand?post=639"},{"taxonomy":"product_cat","embeddable":true,"href":"https:\/\/piscinariasumare.com.br\/vitrine\/wp-json\/wp\/v2\/product_cat?post=639"},{"taxonomy":"product_tag","embeddable":true,"href":"https:\/\/piscinariasumare.com.br\/vitrine\/wp-json\/wp\/v2\/product_tag?post=639"}],"curies":[{"name":"wp","href":"https:\/\/api.w.org\/{rel}","templated":true}]}}