{"id":687,"date":"2025-10-31T12:15:58","date_gmt":"2025-10-31T15:15:58","guid":{"rendered":"https:\/\/piscinariasumare.com.br\/vitrine\/?post_type=product&#038;p=687"},"modified":"2025-10-31T21:47:32","modified_gmt":"2025-11-01T00:47:32","slug":"vinil-cipatex","status":"publish","type":"product","link":"https:\/\/piscinariasumare.com.br\/vitrine\/produto\/vinil-cipatex\/","title":{"rendered":"Vinil Cipatex"},"content":{"rendered":"<h1>Vinil Cipatex<\/h1>\n<p>O vinil para piscinas Cipatex \u00e9 um revestimento dur\u00e1vel, flex\u00edvel e de f\u00e1cil instala\u00e7\u00e3o, oferecendo impermeabiliza\u00e7\u00e3o e uma alternativa econ\u00f4mica a revestimentos como azulejos.<br \/>\nProduzido com tecnologia e qualidade, o material \u00e9 adequado para diferentes tipos de piscinas, inclusive as comerciais ou com formatos especiais, e possui tratamentos que garantem durabilidade, vivacidade de cores e resist\u00eancia.<\/p>\n<h3>Vantagens do vinil Cipatex<\/h3>\n<p><strong>Durabilidade e resist\u00eancia:<\/strong> Resistente a vazamentos, oferece maior resist\u00eancia mec\u00e2nica.<br \/>\n<strong>Instala\u00e7\u00e3o:<\/strong> \u00c9 mais r\u00e1pido e limpo do que a aplica\u00e7\u00e3o de azulejos, sendo mais f\u00e1cil de instalar<br \/>\n<strong>Economia:<\/strong> Geralmente \u00e9 mais barato que o revestimento cer\u00e2mico, tanto em material quanto em m\u00e3o de obra.<br \/>\n<strong>Versatilidade:<\/strong> Pode ser usado para revestir piscinas de diversos tipos de estrutura, incluindo alvenaria, fibra, madeira e a\u00e7o.<br \/>\n<strong>Est\u00e9tica:<\/strong> Oferece uma variedade de estampas e acabamentos que podem ser exclusivos.<\/p>\n","protected":false},"excerpt":{"rendered":"<h4>A Piscinaria Sumar\u00e9 \u00e9 especialista em produtos para piscinas.<\/h4>\n<p>\u2013 Fabrica\u00e7\u00e3o pr\u00f3pria de produtos<br \/>\n\u2013 Distribui\u00e7\u00e3o das principais marcas do mercado<br \/>\n\u2013 Especialistas que ajudam na escolha do produto e equipamento ideal<\/p>\n","protected":false},"featured_media":688,"comment_status":"open","ping_status":"closed","template":"","meta":[],"product_brand":[],"product_cat":[27],"product_tag":[],"class_list":{"0":"post-687","1":"product","2":"type-product","3":"status-publish","4":"has-post-thumbnail","6":"product_cat-vinil-para-piscinas","8":"first","9":"instock","10":"featured","11":"shipping-taxable","12":"product-type-simple"},"_links":{"self":[{"href":"https:\/\/piscinariasumare.com.br\/vitrine\/wp-json\/wp\/v2\/product\/687","targetHints":{"allow":["GET"]}}],"collection":[{"href":"https:\/\/piscinariasumare.com.br\/vitrine\/wp-json\/wp\/v2\/product"}],"about":[{"href":"https:\/\/piscinariasumare.com.br\/vitrine\/wp-json\/wp\/v2\/types\/product"}],"replies":[{"embeddable":true,"href":"https:\/\/piscinariasumare.com.br\/vitrine\/wp-json\/wp\/v2\/comments?post=687"}],"wp:featuredmedia":[{"embeddable":true,"href":"https:\/\/piscinariasumare.com.br\/vitrine\/wp-json\/wp\/v2\/media\/688"}],"wp:attachment":[{"href":"https:\/\/piscinariasumare.com.br\/vitrine\/wp-json\/wp\/v2\/media?parent=687"}],"wp:term":[{"taxonomy":"product_brand","embeddable":true,"href":"https:\/\/piscinariasumare.com.br\/vitrine\/wp-json\/wp\/v2\/product_brand?post=687"},{"taxonomy":"product_cat","embeddable":true,"href":"https:\/\/piscinariasumare.com.br\/vitrine\/wp-json\/wp\/v2\/product_cat?post=687"},{"taxonomy":"product_tag","embeddable":true,"href":"https:\/\/piscinariasumare.com.br\/vitrine\/wp-json\/wp\/v2\/product_tag?post=687"}],"curies":[{"name":"wp","href":"https:\/\/api.w.org\/{rel}","templated":true}]}}