{"id":697,"date":"2025-10-31T12:18:05","date_gmt":"2025-10-31T15:18:05","guid":{"rendered":"https:\/\/piscinariasumare.com.br\/vitrine\/?post_type=product&#038;p=697"},"modified":"2025-10-31T21:41:53","modified_gmt":"2025-11-01T00:41:53","slug":"vinil-acqualiner-2","status":"publish","type":"product","link":"https:\/\/piscinariasumare.com.br\/vitrine\/produto\/vinil-acqualiner-2\/","title":{"rendered":"Vinil Acqualiner"},"content":{"rendered":"<h1>Vinil Acqualiner<\/h1>\n<h3>Estampas mais bonitas<\/h3>\n<p>O vinil Acqualiner traz as estampas mais bonitas e modernas do mercado, por meio de avan\u00e7ada tecnologia de impress\u00e3o, consegue imprimir no vinil a realidade visual 3D da bricolagem e ainda permitem aquecimento de at\u00e9 32\u00bac em piscinas aquecidas<\/p>\n<h3>Maior flexibilidade na hora da instala\u00e7\u00e3o<\/h3>\n<p>O vinil Acqualiner se molda muito mais facilmente nas piscinas irregulares devido a sua formula\u00e7\u00e3o de alto n\u00edvel de pureza em PVC, resiste a n\u00edveis de temperatura ambiente tanto em locais quentes como em locais que possam nevar.<\/p>\n","protected":false},"excerpt":{"rendered":"<h4>A Piscinaria Sumar\u00e9 \u00e9 especialista em produtos para piscinas.<\/h4>\n<p>\u2013 Fabrica\u00e7\u00e3o pr\u00f3pria de produtos<br \/>\n\u2013 Distribui\u00e7\u00e3o das principais marcas do mercado<br \/>\n\u2013 Especialistas que ajudam na escolha do produto e equipamento ideal<\/p>\n","protected":false},"featured_media":698,"comment_status":"open","ping_status":"closed","template":"","meta":[],"product_brand":[],"product_cat":[27,306],"product_tag":[],"class_list":{"0":"post-697","1":"product","2":"type-product","3":"status-publish","4":"has-post-thumbnail","6":"product_cat-vinil-para-piscinas","7":"product_cat-vinil-para-piscinas-acqualiner","9":"first","10":"instock","11":"featured","12":"shipping-taxable","13":"product-type-simple"},"_links":{"self":[{"href":"https:\/\/piscinariasumare.com.br\/vitrine\/wp-json\/wp\/v2\/product\/697","targetHints":{"allow":["GET"]}}],"collection":[{"href":"https:\/\/piscinariasumare.com.br\/vitrine\/wp-json\/wp\/v2\/product"}],"about":[{"href":"https:\/\/piscinariasumare.com.br\/vitrine\/wp-json\/wp\/v2\/types\/product"}],"replies":[{"embeddable":true,"href":"https:\/\/piscinariasumare.com.br\/vitrine\/wp-json\/wp\/v2\/comments?post=697"}],"wp:featuredmedia":[{"embeddable":true,"href":"https:\/\/piscinariasumare.com.br\/vitrine\/wp-json\/wp\/v2\/media\/698"}],"wp:attachment":[{"href":"https:\/\/piscinariasumare.com.br\/vitrine\/wp-json\/wp\/v2\/media?parent=697"}],"wp:term":[{"taxonomy":"product_brand","embeddable":true,"href":"https:\/\/piscinariasumare.com.br\/vitrine\/wp-json\/wp\/v2\/product_brand?post=697"},{"taxonomy":"product_cat","embeddable":true,"href":"https:\/\/piscinariasumare.com.br\/vitrine\/wp-json\/wp\/v2\/product_cat?post=697"},{"taxonomy":"product_tag","embeddable":true,"href":"https:\/\/piscinariasumare.com.br\/vitrine\/wp-json\/wp\/v2\/product_tag?post=697"}],"curies":[{"name":"wp","href":"https:\/\/api.w.org\/{rel}","templated":true}]}}