{"id":91,"date":"2025-09-18T09:47:13","date_gmt":"2025-09-18T12:47:13","guid":{"rendered":"https:\/\/piscinariasumare.com.br\/vitrine\/?post_type=product&#038;p=91"},"modified":"2025-09-22T19:25:01","modified_gmt":"2025-09-22T22:25:01","slug":"bomba-centrifuga-cp-4c-1-3-cv-110-220v","status":"publish","type":"product","link":"https:\/\/piscinariasumare.com.br\/vitrine\/produto\/bomba-centrifuga-cp-4c-1-3-cv-110-220v\/","title":{"rendered":"Bomba centrifuga Dancor CP-4C 1\/3 CV 110\/220V"},"content":{"rendered":"<div>\n<h1>Bomba Centr\u00edfuga Dancor CP-4C 1\/3 CV Monof\u00e1sica 110V\/220V<\/h1>\n<p>A Bomba centr\u00edfuga Dancor\u00a0CP-4C, \u00e9 indicada para capta\u00e7\u00e3o de \u00e1gua de cisternas ou reservat\u00f3rios at\u00e9 8 metros em aplica\u00e7\u00f5es para \u00e1reas residenciais, industriais e agr\u00edcolas.<\/p>\n<h3>Caracter\u00edsticas T\u00e9cnicas<\/h3>\n<p>&#8211; Pot\u00eancia: 1\/3 CV;<br \/>\n&#8211; Tens\u00e3o: 110V\/220V;<br \/>\n&#8211; Suc\u00e7\u00e3o (Entrada): Interno 25mm e Externo 32mm (sold\u00e1vel);<br \/>\n&#8211; Recalque (Sa\u00edda): Interno 25mm e Externo 32mm (sold\u00e1vel);<br \/>\n&#8211; Vaz\u00e3o m\u00e1xima: 7.700 l\/h para 6 mca(metros);<br \/>\n&#8211; Vaz\u00e3o m\u00ednima: 0.900 l\/h para 18 mca(metros);<br \/>\n&#8211; Motor: H\u00e9rcules (IP21);<br \/>\n&#8211; Rota\u00e7\u00e3o: 3.500 rpm (2 P\u00f3los);<br \/>\n&#8211; Carca\u00e7a: ABS;<br \/>\n&#8211; Rotor: Noryl (Fechado);<br \/>\n&#8211; Eixo: A\u00e7o carbono;<br \/>\n&#8211; Temperatura m\u00e1xima permitida: 80\u00b0C.<\/p>\n<h2>Garantia<\/h2>\n<p>O pedido acompanha nota fiscal e garantia de 18 meses do fabricante contra defeito de fabrica\u00e7\u00e3o.<\/p>\n<h2>Retirada na Loja ou Entrega<\/h2>\n<p>Disponibilizamos a retirada do produto em nossa loja f\u00edsica, ao fazer o seu pedido escolha a op\u00e7\u00e3o e venha nos visitar. Estamos localizados no Centro da cidade de S\u00e3o Paulo.<br \/>\nCaso prefira, pode receber o produto em endere\u00e7o de sua escolha, selecionando a op\u00e7\u00e3o de frete mais adequada \u00e0 sua necessidade.<\/p>\n<h2>Dimens\u00f5es do Produto<\/h2>\n<p>&#8211; Peso: 6,1 kg;<br \/>\n&#8211; Comprimento: 24,6 cm;<br \/>\n&#8211; Largura: 13,7 cm;<br \/>\n&#8211; Altura: 17 cm.<\/p>\n<\/div>\n<h3>Embalagem<\/h3>\n<div>\n<div>Comprimento: <strong>28cm<\/strong><\/div>\n<\/div>\n<div>\n<div>Largura: <strong>17cm<\/strong><\/div>\n<\/div>\n<div>\n<div class=\"dimension\">Altura: <strong>20cm<\/strong><\/div>\n<\/div>\n<div>\n<div>Peso: <strong>8kg<\/strong><\/div>\n<\/div>\n","protected":false},"excerpt":{"rendered":"<h4>A Piscinaria Sumar\u00e9 \u00e9 especialista em produtos para piscinas.<\/h4>\n<p>&#8211; Fabrica\u00e7\u00e3o pr\u00f3pria de produtos<br \/>\n&#8211; Distribuidora das principais marcas do mercado<br \/>\n&#8211; Especialistas ajudam a escolha do produto ou equipamento ideal<\/p>\n","protected":false},"featured_media":92,"comment_status":"open","ping_status":"closed","template":"","meta":[],"product_brand":[],"product_cat":[29],"product_tag":[],"class_list":{"0":"post-91","1":"product","2":"type-product","3":"status-publish","4":"has-post-thumbnail","6":"product_cat-bombas-para-piscinas","8":"first","9":"instock","10":"shipping-taxable","11":"product-type-simple"},"_links":{"self":[{"href":"https:\/\/piscinariasumare.com.br\/vitrine\/wp-json\/wp\/v2\/product\/91","targetHints":{"allow":["GET"]}}],"collection":[{"href":"https:\/\/piscinariasumare.com.br\/vitrine\/wp-json\/wp\/v2\/product"}],"about":[{"href":"https:\/\/piscinariasumare.com.br\/vitrine\/wp-json\/wp\/v2\/types\/product"}],"replies":[{"embeddable":true,"href":"https:\/\/piscinariasumare.com.br\/vitrine\/wp-json\/wp\/v2\/comments?post=91"}],"wp:featuredmedia":[{"embeddable":true,"href":"https:\/\/piscinariasumare.com.br\/vitrine\/wp-json\/wp\/v2\/media\/92"}],"wp:attachment":[{"href":"https:\/\/piscinariasumare.com.br\/vitrine\/wp-json\/wp\/v2\/media?parent=91"}],"wp:term":[{"taxonomy":"product_brand","embeddable":true,"href":"https:\/\/piscinariasumare.com.br\/vitrine\/wp-json\/wp\/v2\/product_brand?post=91"},{"taxonomy":"product_cat","embeddable":true,"href":"https:\/\/piscinariasumare.com.br\/vitrine\/wp-json\/wp\/v2\/product_cat?post=91"},{"taxonomy":"product_tag","embeddable":true,"href":"https:\/\/piscinariasumare.com.br\/vitrine\/wp-json\/wp\/v2\/product_tag?post=91"}],"curies":[{"name":"wp","href":"https:\/\/api.w.org\/{rel}","templated":true}]}}