{"id":93,"date":"2025-09-18T12:20:37","date_gmt":"2025-09-18T15:20:37","guid":{"rendered":"https:\/\/piscinariasumare.com.br\/vitrine\/?post_type=product&#038;p=93"},"modified":"2025-09-22T19:25:10","modified_gmt":"2025-09-22T22:25:10","slug":"bomba-centrifuga-dancor-cp-6r-3-4-cv","status":"publish","type":"product","link":"https:\/\/piscinariasumare.com.br\/vitrine\/produto\/bomba-centrifuga-dancor-cp-6r-3-4-cv\/","title":{"rendered":"Bomba centrifuga Dancor CP-6R 3\/4 CV"},"content":{"rendered":"<h1>Bomba centrifuga Dancor CP-6R 3\/4 CV<\/h1>\n<p>A Bomba Centr\u00edfuga Dancor CP-6R, \u00e9 indicada para capta\u00e7\u00e3o de \u00e1gua de cisternas ou reservat\u00f3rios at\u00e9 8 metros em aplica\u00e7\u00f5es para \u00e1reas residenciais, industriais e agr\u00edcolas.<\/p>\n<h4>Caracter\u00edsticas T\u00e9cnicas<\/h4>\n<p>&#8211; Pot\u00eancia: 3\/4 CV;<br \/>\n&#8211; Tens\u00e3o: 110V\/220V;<br \/>\n&#8211; Suc\u00e7\u00e3o (Entrada): 1 pol. (bsp);<br \/>\n&#8211; Recalque (Sa\u00edda): 1 pol. (bsp);<br \/>\n&#8211; Vaz\u00e3o m\u00e1xima: 7.300 l\/h para 8 mca(metros);<br \/>\n&#8211; Vaz\u00e3o m\u00ednima: 1.100 l\/h para 30 mca(metros);<br \/>\n&#8211; Motor: H\u00e9rcules (IP21);<br \/>\n&#8211; Rota\u00e7\u00e3o: 3.500 rpm (2 P\u00f3los);<br \/>\n&#8211; Carca\u00e7a: Nylon;<br \/>\n&#8211; Rotor: Noryl (Fechado);<br \/>\n&#8211; Eixo: A\u00e7o carbono;<br \/>\n&#8211; Temperatura m\u00e1xima permitida: 80\u00b0C.<\/p>\n<h4>Garantia<\/h4>\n<p>O pedido acompanha nota fiscal e garantia de 18 meses do fabricante contra defeito de fabrica\u00e7\u00e3o.<\/p>\n<p>Retirada na Loja ou Entrega<br \/>\nConsulte o nosso estoque para retirada do produto em nossa loja f\u00edsica, ao fazer o seu pedido escolha a op\u00e7\u00e3o e venha nos visitar. Estamos localizados na cidade de Sumar\u00e9.<br \/>\nCaso prefira, receber o produto em endere\u00e7o de sua escolha, fale conosco.<\/p>\n<h4>Dimens\u00f5es do Produto<\/h4>\n<p>&#8211; Peso: 10,3 kg;<br \/>\n&#8211; Comprimento: 28,5 cm;<br \/>\n&#8211; Largura: 18,1 cm;<br \/>\n&#8211; Altura: 22 cm.<\/p>\n","protected":false},"excerpt":{"rendered":"<h4>A Piscinaria Sumar\u00e9 \u00e9 especialista em produtos para piscinas.<\/h4>\n<p>&#8211; Fabrica\u00e7\u00e3o pr\u00f3pria de produtos<br \/>\n&#8211; Distribuidora das principais marcas do mercado<br \/>\n&#8211; Especialistas ajudam a escolha do produto ou equipamento ideal<\/p>\n","protected":false},"featured_media":94,"comment_status":"open","ping_status":"closed","template":"","meta":[],"product_brand":[],"product_cat":[29],"product_tag":[],"class_list":{"0":"post-93","1":"product","2":"type-product","3":"status-publish","4":"has-post-thumbnail","6":"product_cat-bombas-para-piscinas","8":"first","9":"instock","10":"shipping-taxable","11":"product-type-simple"},"_links":{"self":[{"href":"https:\/\/piscinariasumare.com.br\/vitrine\/wp-json\/wp\/v2\/product\/93","targetHints":{"allow":["GET"]}}],"collection":[{"href":"https:\/\/piscinariasumare.com.br\/vitrine\/wp-json\/wp\/v2\/product"}],"about":[{"href":"https:\/\/piscinariasumare.com.br\/vitrine\/wp-json\/wp\/v2\/types\/product"}],"replies":[{"embeddable":true,"href":"https:\/\/piscinariasumare.com.br\/vitrine\/wp-json\/wp\/v2\/comments?post=93"}],"wp:featuredmedia":[{"embeddable":true,"href":"https:\/\/piscinariasumare.com.br\/vitrine\/wp-json\/wp\/v2\/media\/94"}],"wp:attachment":[{"href":"https:\/\/piscinariasumare.com.br\/vitrine\/wp-json\/wp\/v2\/media?parent=93"}],"wp:term":[{"taxonomy":"product_brand","embeddable":true,"href":"https:\/\/piscinariasumare.com.br\/vitrine\/wp-json\/wp\/v2\/product_brand?post=93"},{"taxonomy":"product_cat","embeddable":true,"href":"https:\/\/piscinariasumare.com.br\/vitrine\/wp-json\/wp\/v2\/product_cat?post=93"},{"taxonomy":"product_tag","embeddable":true,"href":"https:\/\/piscinariasumare.com.br\/vitrine\/wp-json\/wp\/v2\/product_tag?post=93"}],"curies":[{"name":"wp","href":"https:\/\/api.w.org\/{rel}","templated":true}]}}